{"id":1650,"date":"2022-02-04T16:32:28","date_gmt":"2022-02-04T15:32:28","guid":{"rendered":"https:\/\/store.hattonlive.com\/politica-de-cookies\/"},"modified":"2022-04-11T13:54:27","modified_gmt":"2022-04-11T11:54:27","slug":"cookies-policy","status":"publish","type":"page","link":"https:\/\/store.hattonlive.com\/en\/cookies-policy\/","title":{"rendered":"Cookies policy"},"content":{"rendered":"[et_pb_section fb_built=&#8221;1&#8243; _builder_version=&#8221;4.14.4&#8243; _module_preset=&#8221;default&#8221; background_enable_color=&#8221;off&#8221; custom_padding=&#8221;||0px||false|false&#8221; locked=&#8221;off&#8221; global_colors_info=&#8221;{}&#8221;][et_pb_row _builder_version=&#8221;4.14.2&#8243; _module_preset=&#8221;default&#8221; global_colors_info=&#8221;{}&#8221;][et_pb_column type=&#8221;4_4&#8243; _builder_version=&#8221;4.14.2&#8243; _module_preset=&#8221;default&#8221; global_colors_info=&#8221;{}&#8221;][et_pb_text admin_label=&#8221;Texto&#8221; _builder_version=&#8221;4.14.4&#8243; _module_preset=&#8221;default&#8221; text_font=&#8221;Montserrat|700|||||||&#8221; text_text_color=&#8221;#000000&#8243; text_font_size=&#8221;40px&#8221; text_line_height=&#8221;130%&#8221; text_orientation=&#8221;center&#8221; custom_margin=&#8221;||0px||false|false&#8221; hover_enabled=&#8221;0&#8243; global_colors_info=&#8221;{}&#8221; sticky_enabled=&#8221;0&#8243;]<h2>Pol\u00edtica de cookies<\/h2>[\/et_pb_text][et_pb_image src=&#8221;https:\/\/store.hattonlive.com\/wp-content\/uploads\/2021\/12\/divider.png&#8221; title_text=&#8221;divider&#8221; align=&#8221;center&#8221; _builder_version=&#8221;4.14.2&#8243; _module_preset=&#8221;default&#8221; custom_margin=&#8221;10px||||false|false&#8221; global_colors_info=&#8221;{}&#8221;][\/et_pb_image][et_pb_text _builder_version=&#8221;4.14.4&#8243; _module_preset=&#8221;default&#8221; max_width=&#8221;90%&#8221; module_alignment=&#8221;center&#8221; animation_style=&#8221;fade&#8221; hover_enabled=&#8221;0&#8243; global_colors_info=&#8221;{}&#8221; sticky_enabled=&#8221;0&#8243;]<div style=\"text-align: center;\">\n<div>\n<div><span>Informacion generales sobre las cookies<\/span><\/div>\n<\/div>\n<\/div>[\/et_pb_text][\/et_pb_column][\/et_pb_row][\/et_pb_section][et_pb_section fb_built=&#8221;1&#8243; _builder_version=&#8221;4.14.4&#8243; _module_preset=&#8221;default&#8221; background_enable_color=&#8221;off&#8221; custom_margin=&#8221;||||false|false&#8221; custom_padding=&#8221;35px||4px||false|false&#8221; locked=&#8221;off&#8221; global_colors_info=&#8221;{}&#8221;][et_pb_row _builder_version=&#8221;4.14.4&#8243; _module_preset=&#8221;default&#8221; custom_padding=&#8221;0px||80px|||&#8221; global_colors_info=&#8221;{}&#8221;][et_pb_column type=&#8221;4_4&#8243; _builder_version=&#8221;4.14.4&#8243; _module_preset=&#8221;default&#8221; global_colors_info=&#8221;{}&#8221;][et_pb_text ul_item_indent=&#8221;10px&#8221; _builder_version=&#8221;4.14.4&#8243; _module_preset=&#8221;default&#8221; link_text_color=&#8221;#E02B20&#8243; animation_style=&#8221;fade&#8221; hover_enabled=&#8221;0&#8243; global_colors_info=&#8221;{}&#8221; link_text_color__hover_enabled=&#8221;on|hover&#8221; link_text_color__hover=&#8221;#e00b00&#8243; sticky_enabled=&#8221;0&#8243;]<p><span>Las cookies constituyen informaci\u00f3n que, a menudo, contienen un c\u00f3digo de identificaci\u00f3n \u00fanico an\u00f3nimo, que es enviada al navegador por un servidor web y que queda almacenada en el disco duro del ordenador del usuario. Cuando posteriormente se realicen conexiones con el Sitio Web, las cookies pueden ser le\u00eddas y reconocidas por el sitio web que las envi\u00f3. Se utilizan principalmente para hacer funcionar o mejorar el funcionamiento de los sitios Web y para proporcionar informaci\u00f3n comercial y de marketing para el propietario de la p\u00e1gina web. Las cookies utilizadas en nuestro sitio web son las siguientes:<\/span><\/p>\n<p><span><strong>\u2022 Cookies t\u00e9cnicas<\/strong>: Son aqu\u00e9llas que permiten al usuario la navegaci\u00f3n a trav\u00e9s de nuestra p\u00e1gina web, plataforma o aplicaci\u00f3n y la utilizaci\u00f3n de las diferentes opciones o servicios que en ella existan como, por ejemplo, controlar el tr\u00e1fico y la comunicaci\u00f3n de datos, identificar la sesi\u00f3n, acceder a partes de acceso restringido, recordar los elementos que integran un pedido, realizar el proceso de compra de un pedido, realizar la solicitud de inscripci\u00f3n o participaci\u00f3n en un evento, utilizar elementos de seguridad durante la navegaci\u00f3n, almacenar contenidos para la difusi\u00f3n de videos o sonido o compartir contenidos a trav\u00e9s de redes sociales.<\/span><\/p>\n<p><span><strong>\u2022 Cookies de an\u00e1lisis<\/strong>: Son aqu\u00e9llas que permiten al responsable de las mismas, el seguimiento y an\u00e1lisis del comportamiento de los usuarios de los sitios web a los que est\u00e1n vinculadas. La informaci\u00f3n recogida mediante este tipo de cookies se utiliza en la medici\u00f3n de la actividad de los sitios web, aplicaci\u00f3n o plataforma y para la elaboraci\u00f3n de perfiles de navegaci\u00f3n de los usuarios de dichos sitios, aplicaciones y plataformas, con el fin de introducir mejoras en funci\u00f3n del an\u00e1lisis de los datos de uso que hacen los usuarios del servicio.<\/span><\/p>\n<p><span><strong>\u2022 Cookies de personalizaci\u00f3n<\/strong>: Son aqu\u00e9llas que permiten al usuario acceder al servicio con algunas caracter\u00edsticas de car\u00e1cter general predefinidas en funci\u00f3n de una serie de criterios en el terminal del usuario como por ejemplo serian el idioma, el tipo de navegador a trav\u00e9s del cual accede al servicio, la configuraci\u00f3n regional desde donde accede al servicio, etc.<\/span><\/p>\n<p><span><strong>\u2022 Cookies publicitarias<\/strong>: Son aqu\u00e9llas que permiten la gesti\u00f3n, de la forma m\u00e1s eficaz posible, de los espacios publicitarios que, en su caso, el editor haya incluido en una p\u00e1gina web, aplicaci\u00f3n o plataforma desde la que presta el servicio solicitado en base a criterios como el contenido editado o la frecuencia en la que se muestran los anuncios.<\/span><\/p>\n<p><span><strong>\u2022 Cookies de \u201cpublicidad comportamental\u201d:<\/strong> Son aqu\u00e9llas que permiten la gesti\u00f3n, de la forma m\u00e1s eficaz posible, de los espacios publicitarios que, en su caso, el editor haya incluido en una p\u00e1gina web, aplicaci\u00f3n o plataforma desde la que presta el servicio solicitado. Estas cookies almacenan informaci\u00f3n del comportamiento de los usuarios obtenida a trav\u00e9s de la observaci\u00f3n continuada de sus h\u00e1bitos de navegaci\u00f3n, lo que permite desarrollar un perfil espec\u00edfico para mostrar publicidad en funci\u00f3n del mismo. La duraci\u00f3n de las cookies que utilizamos puede variar. En particular, existen cookies de sesi\u00f3n que son s\u00f3lo v\u00e1lidas para una sesi\u00f3n individual de b\u00fasqueda o navegaci\u00f3n y desaparecen cuando se cierra el navegador y las cookies persistentes, que pueden tener una duraci\u00f3n variable. Ponemos en conocimiento de los usuarios que existen diversos modos de administrar las cookies. Mediante la modificaci\u00f3n de la configuraci\u00f3n del navegador, se puede optar por desactivar las cookies o recibir un aviso antes de aceptar una. Puedes borrar todas las cookies instaladas en la carpeta de cookies de tu navegador. Cada navegador tiene distintos procedimientos para gestionar su configuraci\u00f3n; Chrome. Explorer, Firefox, Safari. El sitio web de <strong>HATTON EVENTS<\/strong> puede gestionar Cookies de terceros que, por cuenta de <strong>HATTON EVENTS<\/strong>, administrar\u00edan la informaci\u00f3n con fines meramente estad\u00edsticos y de uso del sitio web.<\/span><br \/><span>Por otro lado, el sitio Web puede contener publicidad, accesos u otro tipo de informaci\u00f3n que conecten o enlacen a otras Webs de terceros como; partners y anunciantes. Por tanto, al no manejar directamente esta informaci\u00f3n y contenidos, <strong>HATTON EVENTS<\/strong> no es responsable por los medios utilizados por estas webs, sujetos a las condiciones y t\u00e9rminos de cada una de ellas.<\/span><\/p>[\/et_pb_text][\/et_pb_column][\/et_pb_row][\/et_pb_section]","protected":false},"excerpt":{"rendered":"<p>Pol\u00edtica de cookies Informacion generales sobre las cookies Las cookies constituyen informaci\u00f3n que, a menudo, contienen un c\u00f3digo de identificaci\u00f3n \u00fanico an\u00f3nimo, que es enviada al navegador por un servidor web y que queda almacenada en el disco duro del ordenador del usuario. Cuando posteriormente se realicen conexiones con el Sitio Web, las cookies pueden [&hellip;]<\/p>\n","protected":false},"author":1,"featured_media":0,"parent":0,"menu_order":0,"comment_status":"closed","ping_status":"closed","template":"","meta":{"_acf_changed":false,"_et_pb_use_builder":"on","_et_pb_old_content":"","_et_gb_content_width":"","inline_featured_image":false,"footnotes":""},"class_list":["post-1650","page","type-page","status-publish","hentry"],"acf":[],"_links":{"self":[{"href":"https:\/\/store.hattonlive.com\/en\/wp-json\/wp\/v2\/pages\/1650","targetHints":{"allow":["GET"]}}],"collection":[{"href":"https:\/\/store.hattonlive.com\/en\/wp-json\/wp\/v2\/pages"}],"about":[{"href":"https:\/\/store.hattonlive.com\/en\/wp-json\/wp\/v2\/types\/page"}],"author":[{"embeddable":true,"href":"https:\/\/store.hattonlive.com\/en\/wp-json\/wp\/v2\/users\/1"}],"replies":[{"embeddable":true,"href":"https:\/\/store.hattonlive.com\/en\/wp-json\/wp\/v2\/comments?post=1650"}],"version-history":[{"count":2,"href":"https:\/\/store.hattonlive.com\/en\/wp-json\/wp\/v2\/pages\/1650\/revisions"}],"predecessor-version":[{"id":1652,"href":"https:\/\/store.hattonlive.com\/en\/wp-json\/wp\/v2\/pages\/1650\/revisions\/1652"}],"wp:attachment":[{"href":"https:\/\/store.hattonlive.com\/en\/wp-json\/wp\/v2\/media?parent=1650"}],"curies":[{"name":"wp","href":"https:\/\/api.w.org\/{rel}","templated":true}]}}